{"id":17,"date":"2023-08-31T07:24:32","date_gmt":"2023-08-31T05:24:32","guid":{"rendered":"https:\/\/lafrancequiafaim.fr\/?page_id=17"},"modified":"2025-06-16T15:00:05","modified_gmt":"2025-06-16T13:00:05","slug":"bio","status":"publish","type":"page","link":"https:\/\/lafrancequiafaim.fr\/?page_id=17","title":{"rendered":"Bio"},"content":{"rendered":"\n<div class=\"wp-block-media-text is-stacked-on-mobile\" style=\"grid-template-columns:46% auto\"><figure class=\"wp-block-media-text__media\"><img loading=\"lazy\" decoding=\"async\" width=\"682\" height=\"1024\" src=\"http:\/\/lafrancequiafaim.fr\/wp-content\/uploads\/2023\/09\/Benedicte-Bonzi-1-\u00a9emmanuelle-marchadour-682x1024.jpg\" alt=\"\" class=\"wp-image-57 size-full\" srcset=\"https:\/\/lafrancequiafaim.fr\/wp-content\/uploads\/2023\/09\/Benedicte-Bonzi-1-\u00a9emmanuelle-marchadour-682x1024.jpg 682w, https:\/\/lafrancequiafaim.fr\/wp-content\/uploads\/2023\/09\/Benedicte-Bonzi-1-\u00a9emmanuelle-marchadour-200x300.jpg 200w, https:\/\/lafrancequiafaim.fr\/wp-content\/uploads\/2023\/09\/Benedicte-Bonzi-1-\u00a9emmanuelle-marchadour-768x1153.jpg 768w, https:\/\/lafrancequiafaim.fr\/wp-content\/uploads\/2023\/09\/Benedicte-Bonzi-1-\u00a9emmanuelle-marchadour-1023x1536.jpg 1023w, https:\/\/lafrancequiafaim.fr\/wp-content\/uploads\/2023\/09\/Benedicte-Bonzi-1-\u00a9emmanuelle-marchadour-1364x2048.jpg 1364w, https:\/\/lafrancequiafaim.fr\/wp-content\/uploads\/2023\/09\/Benedicte-Bonzi-1-\u00a9emmanuelle-marchadour-scaled.jpg 1705w\" sizes=\"auto, (max-width: 682px) 100vw, 682px\" \/><\/figure><div class=\"wp-block-media-text__content\">\n<p>B\u00e9n\u00e9dicte Bonzi est docteure en anthropologie sociale, chercheuse associ\u00e9e au LAIOS (Laboratoire d\u2019Anthropologie des institutions et des organisations sociales). \u00c9ducatrice sp\u00e9cialis\u00e9e de formation, et apr\u00e8s avoir exerc\u00e9 dans l\u2019action sociale pendant plusieurs ann\u00e9es, elle a repris des \u00e9tudes d\u2019Anthropologie ce qui lui a permis de mener ses recherches sur les questions agricoles et alimentaires sur plusieurs terrains.<\/p>\n<\/div><\/div>\n\n\n\n<p>D\u2019abord, le Kurdistan Irakien, o\u00f9 elle a d\u00e9crit \u00e0 travers la culture du bl\u00e9 comment cette r\u00e9gion avait perdu son autonomie alimentaire alors qu\u2019elle gagnait un semblant d\u2019autonomie politique. Ce travail a \u00e9t\u00e9 l\u2019objet de son premier ouvrage, \u00ab\u00a0Le bl\u00e9 dans la tourmente, la violence sur la paysage du Kurdistan Irakien\u00a0\u00bb, 2018, \u00c9ditions Panth\u00e9on Sorbonne.<br>Elle a ensuite men\u00e9 pendant 3 ans, dans le cadre d\u2019un projet PICRI (Partenariats Institutions Citoyens pour la Recherche et l\u2019Innovation \u2013 Conseil R\u00e9gional Ile-de-France) en Partenariat avec les Restaurants du Coeur du 93, un travail de recherche action sur un terrain beaucoup plus proche, le d\u00e9partement de la Seine-Saint-Denis, sur l\u2019aide alimentaire. Le livre, \u00ab\u00a0La France qui a faim le don \u00e0 l\u2019\u00e9preuve des violences alimentaires\u00a0\u00bb, Seuil, 2023, est issu de ce travail. Ce travail a \u00e9t\u00e9 poursuivi en 2021 avec le soutien de la fondation Croix Rouge sur la question de l\u2019engagement b\u00e9n\u00e9vole, pilier de l\u2019aide alimentaire en France. Aujourd\u2019hui, et depuis plusieurs ann\u00e9es, B\u00e9n\u00e9dicte Bonzi accompagne les collectivit\u00e9s dans leurs projets alimentaires et\/ou agricoles.<\/p>\n\n\n\n<p>Par ailleurs, elle participe depuis 2016 \u00e0 des programmes de recherche actions sur la question de la d\u00e9mocratie alimentaire. Elle fait notamment partie du collectif sur la S\u00e9curit\u00e9 Sociale de l\u2019Alimentation. Dans ce cadre, elle s\u2019applique syst\u00e9matiquement \u00e0 d\u00e9velopper des outils d\u2019\u00e9ducation populaire (th\u00e9\u00e2tre forum, jeux, arpentage de livres, conf\u00e9rences invers\u00e9es, entretiens, etc.) pour outiller l\u2019ensemble des acteurs de l\u2019alimentation pour comprendre et transformer le syst\u00e8me alimentaire actuel qui ne permet ni \u00e0 ceux qui produisent de vivre, ni \u00e0 une partie significative de la population de se nourrir.<\/p>\n","protected":false},"excerpt":{"rendered":"<p>B\u00e9n\u00e9dicte Bonzi est docteure en anthropologie sociale, chercheuse associ\u00e9e au LAIOS (Laboratoire d\u2019Anthropologie des institutions et des organisations sociales). \u00c9ducatrice sp\u00e9cialis\u00e9e de formation, et apr\u00e8s avoir exerc\u00e9 dans l\u2019action sociale pendant plusieurs ann\u00e9es, elle a repris des \u00e9tudes d\u2019Anthropologie ce qui lui a permis de mener ses recherches sur les questions agricoles et alimentaires sur [&hellip;]<\/p>\n","protected":false},"author":2,"featured_media":0,"parent":0,"menu_order":0,"comment_status":"closed","ping_status":"closed","template":"","meta":{"hide_page_title":"","_coblocks_attr":"","_coblocks_dimensions":"","_coblocks_responsive_height":"","_coblocks_accordion_ie_support":"","footnotes":""},"class_list":["post-17","page","type-page","status-publish","hentry"],"_links":{"self":[{"href":"https:\/\/lafrancequiafaim.fr\/index.php?rest_route=\/wp\/v2\/pages\/17","targetHints":{"allow":["GET"]}}],"collection":[{"href":"https:\/\/lafrancequiafaim.fr\/index.php?rest_route=\/wp\/v2\/pages"}],"about":[{"href":"https:\/\/lafrancequiafaim.fr\/index.php?rest_route=\/wp\/v2\/types\/page"}],"author":[{"embeddable":true,"href":"https:\/\/lafrancequiafaim.fr\/index.php?rest_route=\/wp\/v2\/users\/2"}],"replies":[{"embeddable":true,"href":"https:\/\/lafrancequiafaim.fr\/index.php?rest_route=%2Fwp%2Fv2%2Fcomments&post=17"}],"version-history":[{"count":5,"href":"https:\/\/lafrancequiafaim.fr\/index.php?rest_route=\/wp\/v2\/pages\/17\/revisions"}],"predecessor-version":[{"id":136,"href":"https:\/\/lafrancequiafaim.fr\/index.php?rest_route=\/wp\/v2\/pages\/17\/revisions\/136"}],"wp:attachment":[{"href":"https:\/\/lafrancequiafaim.fr\/index.php?rest_route=%2Fwp%2Fv2%2Fmedia&parent=17"}],"curies":[{"name":"wp","href":"https:\/\/api.w.org\/{rel}","templated":true}]}}